{"id":4400,"date":"2021-10-12T15:51:09","date_gmt":"2021-10-12T15:51:09","guid":{"rendered":"http:\/\/dummy.xtemos.com\/woodmart2\/elementor\/?page_id=4400"},"modified":"2024-04-23T22:28:38","modified_gmt":"2024-04-23T19:28:38","slug":"contact","status":"publish","type":"page","link":"https:\/\/neutronui.com\/andreea\/contact\/","title":{"rendered":"Contact"},"content":{"rendered":"\t\t<div data-elementor-type=\"wp-page\" data-elementor-id=\"4400\" class=\"elementor elementor-4400\">\n\t\t\t\t<div class=\"elementor-element elementor-element-1c90c3f wd-section-stretch e-flex e-con-boxed e-con e-parent\" data-id=\"1c90c3f\" data-element_type=\"container\" data-settings=\"{&quot;background_background&quot;:&quot;classic&quot;}\">\n\t\t\t\t\t<div class=\"e-con-inner\">\n\t\t\t\t<div class=\"elementor-element elementor-element-5d57672 elementor-widget__width-initial elementor-widget-tablet__width-inherit wd-width-100 elementor-widget elementor-widget-wd_title\" data-id=\"5d57672\" data-element_type=\"widget\" data-widget_type=\"wd_title.default\">\n\t\t\t\t<div class=\"elementor-widget-container\">\n\t\t\t\t\t<div class=\"title-wrapper set-mb-s reset-last-child wd-title-color-primary wd-title-style-default wd-title-size-large text-left\">\n\n\t\t\t\t\t\t\t<div class=\"title-subtitle subtitle-color-primary subtitle-style-default wd-fontsize-xs\">\n\t\t\t\t\tGLAMOUR NAILS&amp;BEAUTY CENTER S.R.L.\t\t\t\t<\/div>\n\t\t\t\n\t\t\t<div class=\"liner-continer\">\n\t\t\t\t<h4 class=\"woodmart-title-container title wd-fontsize-xxl\">Andreea Nails Academy<\/h4> \n\t\t\t\t\t\t\t<\/div>\n\n\t\t\t\t\t<\/div>\n\t\t\t\t<\/div>\n\t\t\t\t<\/div>\n\t\t\t\t<div class=\"elementor-element elementor-element-9c05225 elementor-widget__width-initial elementor-widget elementor-widget-wd_infobox\" data-id=\"9c05225\" data-element_type=\"widget\" data-widget_type=\"wd_infobox.default\">\n\t\t\t\t<div class=\"elementor-widget-container\">\n\t\t\t\t\t<div class=\"info-box-wrapper\">\n\t\t\t<div class=\"wd-info-box text-left box-icon-align-top box-style-base color-scheme-\">\n\t\t\t\t\n\t\t\t\t<div class=\"info-box-content\">\n\t\t\t\t\t\n\t\t\t\t\t\t\t\t\t\t\t<h4\t\t\t\t\t\tclass=\"info-box-title title box-title-style-default wd-fontsize-m\" data-elementor-setting-key=\"title\">\n\t\t\t\t\t\t\t\tContact\t\t\t\t\t\t<\/h4>\n\t\t\t\t\t\n\t\t\t\t\t<div class=\"info-box-inner set-cont-mb-s reset-last-child\"data-elementor-setting-key=\"content\"><p>Punct de lucru: Videle, jude\u021bul Teleorman<br \/>Telefon: <strong><a href=\"tel:\/\/0787683227\">0787 683 227<\/a><\/strong><br \/>Email: <strong><a href=\"mailto:office@andreeanails.ro\">office@andreeanails.ro<\/a><\/strong><\/p>\n<p><a href=\"https:\/\/www.facebook.com\/Andreea.NailsAcademy\" target=\"_blank\" rel=\"noopener\"><img decoding=\"async\" class=\"alignnone wp-image-16320\" src=\"https:\/\/neutronui.com\/andreea\/wp-content\/uploads\/2024\/04\/facebook-300x300.png\" alt=\"\" width=\"35\" height=\"35\" srcset=\"https:\/\/neutronui.com\/andreea\/wp-content\/uploads\/2024\/04\/facebook-300x300.png 300w, https:\/\/neutronui.com\/andreea\/wp-content\/uploads\/2024\/04\/facebook-800x800.png 800w, https:\/\/neutronui.com\/andreea\/wp-content\/uploads\/2024\/04\/facebook-150x150.png 150w, https:\/\/neutronui.com\/andreea\/wp-content\/uploads\/2024\/04\/facebook-768x768.png 768w, https:\/\/neutronui.com\/andreea\/wp-content\/uploads\/2024\/04\/facebook-1536x1536.png 1536w, https:\/\/neutronui.com\/andreea\/wp-content\/uploads\/2024\/04\/facebook-2048x2048.png 2048w, https:\/\/neutronui.com\/andreea\/wp-content\/uploads\/2024\/04\/facebook-430x430.png 430w, https:\/\/neutronui.com\/andreea\/wp-content\/uploads\/2024\/04\/facebook-700x700.png 700w\" sizes=\"(max-width: 35px) 100vw, 35px\" \/><\/a> <a href=\"https:\/\/www.instagram.com\/andreea.nails.academy\" target=\"_blank\" rel=\"noopener\"><img decoding=\"async\" class=\"alignnone wp-image-16321\" src=\"https:\/\/neutronui.com\/andreea\/wp-content\/uploads\/2024\/04\/instagram-300x300.png\" alt=\"\" width=\"35\" height=\"35\" srcset=\"https:\/\/neutronui.com\/andreea\/wp-content\/uploads\/2024\/04\/instagram-300x300.png 300w, https:\/\/neutronui.com\/andreea\/wp-content\/uploads\/2024\/04\/instagram-150x150.png 150w, https:\/\/neutronui.com\/andreea\/wp-content\/uploads\/2024\/04\/instagram-768x768.png 768w, https:\/\/neutronui.com\/andreea\/wp-content\/uploads\/2024\/04\/instagram-430x430.png 430w, https:\/\/neutronui.com\/andreea\/wp-content\/uploads\/2024\/04\/instagram-700x700.png 700w, https:\/\/neutronui.com\/andreea\/wp-content\/uploads\/2024\/04\/instagram.png 800w\" sizes=\"(max-width: 35px) 100vw, 35px\" \/><\/a>\u00a0<a href=\"https:\/\/www.tiktok.com\/@andreea.nailsacademy\" target=\"_blank\" rel=\"noopener\"><img decoding=\"async\" class=\"alignnone wp-image-16322\" src=\"https:\/\/neutronui.com\/andreea\/wp-content\/uploads\/2024\/04\/tiktok-300x300.png\" alt=\"\" width=\"35\" height=\"35\" srcset=\"https:\/\/neutronui.com\/andreea\/wp-content\/uploads\/2024\/04\/tiktok-300x300.png 300w, https:\/\/neutronui.com\/andreea\/wp-content\/uploads\/2024\/04\/tiktok-800x800.png 800w, https:\/\/neutronui.com\/andreea\/wp-content\/uploads\/2024\/04\/tiktok-150x150.png 150w, https:\/\/neutronui.com\/andreea\/wp-content\/uploads\/2024\/04\/tiktok-768x768.png 768w, https:\/\/neutronui.com\/andreea\/wp-content\/uploads\/2024\/04\/tiktok-430x430.png 430w, https:\/\/neutronui.com\/andreea\/wp-content\/uploads\/2024\/04\/tiktok-700x700.png 700w, https:\/\/neutronui.com\/andreea\/wp-content\/uploads\/2024\/04\/tiktok.png 1280w\" sizes=\"(max-width: 35px) 100vw, 35px\" \/><\/a><\/p>\n<\/div>\n\n\t\t\t\t\t\t\t\t\t<\/div>\n\n\t\t\t\t\t\t\t<\/div>\n\t\t<\/div>\n\t\t\t\t<\/div>\n\t\t\t\t<\/div>\n\t\t\t\t<div class=\"elementor-element elementor-element-ec30bde elementor-widget__width-initial elementor-widget elementor-widget-wd_infobox\" data-id=\"ec30bde\" data-element_type=\"widget\" data-widget_type=\"wd_infobox.default\">\n\t\t\t\t<div class=\"elementor-widget-container\">\n\t\t\t\t\t<div class=\"info-box-wrapper\">\n\t\t\t<div class=\"wd-info-box text-left box-icon-align-top box-style-base color-scheme-\">\n\t\t\t\t\n\t\t\t\t<div class=\"info-box-content\">\n\t\t\t\t\t\n\t\t\t\t\t\t\t\t\t\t\t<h4\t\t\t\t\t\tclass=\"info-box-title title box-title-style-default wd-fontsize-m\" data-elementor-setting-key=\"title\">\n\t\t\t\t\t\t\t\tDate identificare fiscal\u0103\t\t\t\t\t\t<\/h4>\n\t\t\t\t\t\n\t\t\t\t\t<div class=\"info-box-inner set-cont-mb-s reset-last-child\"data-elementor-setting-key=\"content\"><p>CIF: <strong>44750055<\/strong><br \/>Nr. \u00cenreg. Reg. Com.: <strong>J34\/661\/2021<\/strong><br \/>Sediu social: sat. C\u0103lug\u0103ru, jude\u021bul Teleorman<\/p>\n<\/div>\n\n\t\t\t\t\t\t\t\t\t<\/div>\n\n\t\t\t\t\t\t\t<\/div>\n\t\t<\/div>\n\t\t\t\t<\/div>\n\t\t\t\t<\/div>\n\t\t\t\t\t<\/div>\n\t\t\t\t<\/div>\n\t\t<div class=\"elementor-element elementor-element-7c7c544 e-flex e-con-boxed e-con e-parent\" data-id=\"7c7c544\" data-element_type=\"container\">\n\t\t\t\t\t<div class=\"e-con-inner\">\n\t\t<div class=\"elementor-element elementor-element-e7cb5cd e-con-full e-flex e-con e-child\" data-id=\"e7cb5cd\" data-element_type=\"container\">\n\t\t\t\t<div class=\"elementor-element elementor-element-56aec39 wd-animation-slide-from-left wd-animation-normal wd_delay_100 elementor-widget elementor-widget-wd_image_or_svg\" data-id=\"56aec39\" data-element_type=\"widget\" data-widget_type=\"wd_image_or_svg.default\">\n\t\t\t\t<div class=\"elementor-widget-container\">\n\t\t\t\n\t\t<div class=\"wd-image text-left\">\n\t\t\t\t\t\t\t\t<img loading=\"lazy\" decoding=\"async\" width=\"768\" height=\"1152\" src=\"https:\/\/neutronui.com\/andreea\/wp-content\/themes\/woodmart\/images\/lazy.png\" class=\"attachment-medium_large size-medium_large wd-lazy-load wd-lazy-fade\" alt=\"\" srcset=\"\" sizes=\"(max-width: 768px) 100vw, 768px\" data-wood-src=\"https:\/\/neutronui.com\/andreea\/wp-content\/uploads\/2024\/04\/extreme-nails-curs-768x1152.jpg\" data-srcset=\"https:\/\/neutronui.com\/andreea\/wp-content\/uploads\/2024\/04\/extreme-nails-curs-768x1152.jpg 768w, https:\/\/neutronui.com\/andreea\/wp-content\/uploads\/2024\/04\/extreme-nails-curs-200x300.jpg 200w, https:\/\/neutronui.com\/andreea\/wp-content\/uploads\/2024\/04\/extreme-nails-curs-533x800.jpg 533w, https:\/\/neutronui.com\/andreea\/wp-content\/uploads\/2024\/04\/extreme-nails-curs-1024x1536.jpg 1024w, https:\/\/neutronui.com\/andreea\/wp-content\/uploads\/2024\/04\/extreme-nails-curs-1365x2048.jpg 1365w, https:\/\/neutronui.com\/andreea\/wp-content\/uploads\/2024\/04\/extreme-nails-curs-860x1290.jpg 860w, https:\/\/neutronui.com\/andreea\/wp-content\/uploads\/2024\/04\/extreme-nails-curs-430x645.jpg 430w, https:\/\/neutronui.com\/andreea\/wp-content\/uploads\/2024\/04\/extreme-nails-curs-700x1050.jpg 700w, https:\/\/neutronui.com\/andreea\/wp-content\/uploads\/2024\/04\/extreme-nails-curs-150x225.jpg 150w, https:\/\/neutronui.com\/andreea\/wp-content\/uploads\/2024\/04\/extreme-nails-curs-scaled.jpg 1707w\" \/>\t\t\t\t\t<\/div>\n\n\t\t\t\t<\/div>\n\t\t\t\t<\/div>\n\t\t\t\t<\/div>\n\t\t<div class=\"elementor-element elementor-element-97d6084 e-con-full wd-animation-slide-from-right e-flex wd-animation-normal wd_delay_100 e-con e-child\" data-id=\"97d6084\" data-element_type=\"container\">\n\t\t\t\t<div class=\"elementor-element elementor-element-98d830b elementor-widget__width-initial wd-width-100 elementor-widget elementor-widget-wd_title\" data-id=\"98d830b\" data-element_type=\"widget\" data-widget_type=\"wd_title.default\">\n\t\t\t\t<div class=\"elementor-widget-container\">\n\t\t\t\t\t<div class=\"title-wrapper set-mb-s reset-last-child wd-title-color-primary wd-title-style-default wd-title-size-large text-left\">\n\n\t\t\t\t\t\t\t<div class=\"title-subtitle subtitle-color-primary subtitle-style-default wd-fontsize-xs\">\n\t\t\t\t\tCINE SUNTEM?\t\t\t\t<\/div>\n\t\t\t\n\t\t\t<div class=\"liner-continer\">\n\t\t\t\t<h4 class=\"woodmart-title-container title wd-fontsize-xxl\">Andreea Nails Academy<\/h4> \n\t\t\t\t\t\t\t<\/div>\n\n\t\t\t\t\t\t\t<div class=\"title-after_title set-cont-mb-s reset-last-child wd-fontsize-s\">\n\t\t\t\t\t<p><em>Te preg\u0103tim pentru urm\u0103torul nivel. Fie c\u0103 e\u0219ti la \u00eenceput de drum sau activezi deja \u00een acest domeniu, aici vei g\u0103si cursuri adaptate pentru tine \u0219i vei beneficia de suport online pentru a te dezvolta.<\/em><\/p>\t\t\t\t<\/div>\n\t\t\t\t\t<\/div>\n\t\t\t\t<\/div>\n\t\t\t\t<\/div>\n\t\t\t\t<div class=\"elementor-element elementor-element-66e47ad elementor-widget elementor-widget-wd_text_block\" data-id=\"66e47ad\" data-element_type=\"widget\" data-widget_type=\"wd_text_block.default\">\n\t\t\t\t<div class=\"elementor-widget-container\">\n\t\t\t\t\t<div class=\"wd-text-block reset-last-child text-left\">\n\t\t\t\n\t\t\t<p>Andreea Nails Academy \u00ee\u021bi ofer\u0103 \u0219ansa ca visul t\u0103u s\u0103 devin\u0103 realitate. \u021ai-ai imaginat vreodat\u0103 cum ar fi s\u0103 ai programul f\u0103cut dup\u0103 bunul plac \u0219i s\u0103 devii propriul t\u0103u \u0219ef?<br \/><br \/>\u00ce\u021bi oferim \u0219ansa de a descoperii toate secretele din spatele unghiilor tehnice pentru a ob\u021bine rezultate excep\u021bionale, precum un tehnician de top.<\/p><p>Beneficiezi de <strong>suport online<\/strong> \u0219i <strong>nail book<\/strong> dup\u0103 terminarea cursurilor pentru a clarifica orice nelamurire pe care ai putea s\u0103 o ai.<\/p>\n\t\t\t\t\t<\/div>\n\t\t\t\t<\/div>\n\t\t\t\t<\/div>\n\t\t\t\t<div class=\"elementor-element elementor-element-72263b0 elementor-widget elementor-widget-wd_button\" data-id=\"72263b0\" data-element_type=\"widget\" data-widget_type=\"wd_button.default\">\n\t\t\t\t<div class=\"elementor-widget-container\">\n\t\t\t\t\t<div class=\"wd-button-wrapper text-left\" >\n\t\t\t<a class=\"btn btn-style-default btn-style-rectangle btn-size-default btn-color-primary btn-icon-pos-left\"  href=\"https:\/\/neutronui.com\/andreea\/shop\/\">\n\t\t\t\t<span class=\"wd-btn-text\" data-elementor-setting-key=\"text\">\n\t\t\t\t\t\u00censcrie-te la curs\t\t\t\t<\/span>\n\n\t\t\t\t\t\t\t\t\t<span class=\"wd-btn-icon\">\n\t\t\t\t\t\t<svg class=\"wd-icon e-font-icon-svg e-fas-graduation-cap\" viewBox=\"0 0 640 512\" xmlns=\"http:\/\/www.w3.org\/2000\/svg\"><path d=\"M622.34 153.2L343.4 67.5c-15.2-4.67-31.6-4.67-46.79 0L17.66 153.2c-23.54 7.23-23.54 38.36 0 45.59l48.63 14.94c-10.67 13.19-17.23 29.28-17.88 46.9C38.78 266.15 32 276.11 32 288c0 10.78 5.68 19.85 13.86 25.65L20.33 428.53C18.11 438.52 25.71 448 35.94 448h56.11c10.24 0 17.84-9.48 15.62-19.47L82.14 313.65C90.32 307.85 96 298.78 96 288c0-11.57-6.47-21.25-15.66-26.87.76-15.02 8.44-28.3 20.69-36.72L296.6 284.5c9.06 2.78 26.44 6.25 46.79 0l278.95-85.7c23.55-7.24 23.55-38.36 0-45.6zM352.79 315.09c-28.53 8.76-52.84 3.92-65.59 0l-145.02-44.55L128 384c0 35.35 85.96 64 192 64s192-28.65 192-64l-14.18-113.47-145.03 44.56z\"><\/path><\/svg>\t\t\t\t\t<\/span>\n\t\t\t\t\t\t\t<\/a>\n\t\t<\/div>\n\t\t\t\t<\/div>\n\t\t\t\t<\/div>\n\t\t\t\t<\/div>\n\t\t\t\t\t<\/div>\n\t\t\t\t<\/div>\n\t\t<div class=\"elementor-element elementor-element-ca0cc8a wd-animation-slide-from-bottom e-flex e-con-boxed wd-animation-normal wd_delay_100 e-con e-parent\" data-id=\"ca0cc8a\" data-element_type=\"container\">\n\t\t\t\t\t<div class=\"e-con-inner\">\n\t\t\t\t<div class=\"elementor-element elementor-element-0e7de92 elementor-widget elementor-widget-wd_contact_form_7\" data-id=\"0e7de92\" data-element_type=\"widget\" data-widget_type=\"wd_contact_form_7.default\">\n\t\t\t\t<div class=\"elementor-widget-container\">\n\t\t\t\n<div class=\"wpcf7 no-js\" id=\"wpcf7-f16-o1\" lang=\"en-US\" dir=\"ltr\">\n<div class=\"screen-reader-response\"><p role=\"status\" aria-live=\"polite\" aria-atomic=\"true\"><\/p> <ul><\/ul><\/div>\n<form action=\"\/andreea\/wp-json\/wp\/v2\/pages\/4400#wpcf7-f16-o1\" method=\"post\" class=\"wpcf7-form init wd-style-with-bg\" aria-label=\"Contact form\" novalidate=\"novalidate\" data-status=\"init\">\n<div style=\"display: none;\">\n<input type=\"hidden\" name=\"_wpcf7\" value=\"16\" \/>\n<input type=\"hidden\" name=\"_wpcf7_version\" value=\"5.9.4\" \/>\n<input type=\"hidden\" name=\"_wpcf7_locale\" value=\"en_US\" \/>\n<input type=\"hidden\" name=\"_wpcf7_unit_tag\" value=\"wpcf7-f16-o1\" \/>\n<input type=\"hidden\" name=\"_wpcf7_container_post\" value=\"0\" \/>\n<input type=\"hidden\" name=\"_wpcf7_posted_data_hash\" value=\"\" \/>\n<\/div>\n<p><label> Nume<br \/>\n<span class=\"wpcf7-form-control-wrap\" data-name=\"your-name\"><input size=\"40\" class=\"wpcf7-form-control wpcf7-text wpcf7-validates-as-required\" autocomplete=\"name\" aria-required=\"true\" aria-invalid=\"false\" value=\"\" type=\"text\" name=\"your-name\" \/><\/span> <\/label>\n<\/p>\n<p><label> Adres\u0103 email<br \/>\n<span class=\"wpcf7-form-control-wrap\" data-name=\"your-email\"><input size=\"40\" class=\"wpcf7-form-control wpcf7-email wpcf7-validates-as-required wpcf7-text wpcf7-validates-as-email\" autocomplete=\"email\" aria-required=\"true\" aria-invalid=\"false\" value=\"\" type=\"email\" name=\"your-email\" \/><\/span> <\/label><br \/>\n<label> Telefon<br \/>\n<span class=\"wpcf7-form-control-wrap\" data-name=\"telefon\"><input size=\"40\" class=\"wpcf7-form-control wpcf7-tel wpcf7-validates-as-required wpcf7-text wpcf7-validates-as-tel\" aria-required=\"true\" aria-invalid=\"false\" value=\"\" type=\"tel\" name=\"telefon\" \/><\/span> <\/label>\n<\/p>\n<p><label> Mesajul t\u0103u<br \/>\n<span class=\"wpcf7-form-control-wrap\" data-name=\"your-message\"><textarea cols=\"40\" rows=\"10\" class=\"wpcf7-form-control wpcf7-textarea wpcf7-validates-as-required\" aria-required=\"true\" aria-invalid=\"false\" name=\"your-message\"><\/textarea><\/span> <\/label>\n<\/p>\n<p><input class=\"wpcf7-form-control wpcf7-submit has-spinner\" type=\"submit\" value=\"Trimite mesaj\" \/>\n<\/p><div class=\"wpcf7-response-output\" aria-hidden=\"true\"><\/div>\n<\/form>\n<\/div>\n\t\t<\/div>\n\t\t\t\t<\/div>\n\t\t\t\t\t<\/div>\n\t\t\t\t<\/div>\n\t\t\t\t<\/div>\n\t\t","protected":false},"excerpt":{"rendered":"<p>GLAMOUR NAILS&amp;BEAUTY CENTER S.R.L. Andreea Nails Academy Contact Punct de lucru: Videle, jude\u021bul TeleormanTelefon: 0787 683 227Email: office@andreeanails.ro \u00a0 Date<\/p>\n","protected":false},"author":1,"featured_media":0,"parent":0,"menu_order":0,"comment_status":"closed","ping_status":"closed","template":"elementor_theme","meta":{"inline_featured_image":false,"footnotes":""},"class_list":["post-4400","page","type-page","status-publish","hentry"],"_links":{"self":[{"href":"https:\/\/neutronui.com\/andreea\/wp-json\/wp\/v2\/pages\/4400","targetHints":{"allow":["GET"]}}],"collection":[{"href":"https:\/\/neutronui.com\/andreea\/wp-json\/wp\/v2\/pages"}],"about":[{"href":"https:\/\/neutronui.com\/andreea\/wp-json\/wp\/v2\/types\/page"}],"author":[{"embeddable":true,"href":"https:\/\/neutronui.com\/andreea\/wp-json\/wp\/v2\/users\/1"}],"replies":[{"embeddable":true,"href":"https:\/\/neutronui.com\/andreea\/wp-json\/wp\/v2\/comments?post=4400"}],"version-history":[{"count":15,"href":"https:\/\/neutronui.com\/andreea\/wp-json\/wp\/v2\/pages\/4400\/revisions"}],"predecessor-version":[{"id":16328,"href":"https:\/\/neutronui.com\/andreea\/wp-json\/wp\/v2\/pages\/4400\/revisions\/16328"}],"wp:attachment":[{"href":"https:\/\/neutronui.com\/andreea\/wp-json\/wp\/v2\/media?parent=4400"}],"curies":[{"name":"wp","href":"https:\/\/api.w.org\/{rel}","templated":true}]}}