{"id":16226,"date":"2024-04-21T22:38:26","date_gmt":"2024-04-21T19:38:26","guid":{"rendered":"https:\/\/neutronui.com\/andreea\/?page_id=16226"},"modified":"2024-04-21T22:39:07","modified_gmt":"2024-04-21T19:39:07","slug":"politica-de-inscriere","status":"publish","type":"page","link":"https:\/\/neutronui.com\/andreea\/politica-de-inscriere\/","title":{"rendered":"Politica de \u00eenscriere"},"content":{"rendered":"\n<p>\u00censcrierea poate fi realizata prin achizi\u021bionarea cursurilor folosind website-ul nostru, sec\u021biunea CURSURI.<\/p>\n\n\n\n<p>\u00cen limita locurilor disponibile afi\u0219ate pe site, cursantul rezerv\u0103 \u00een mod automat locul la cursul dorit, numai dup\u0103 ce plata a fost efectuat\u0103 online, cu cardul, pentru cursul respectiv.<\/p>\n\n\n\n<p>Inainte de a v\u0103 inscrie \u0219i de a achita cursul, v\u0103 rugam sa cititi cu atentie detaliile: <strong>denumire curs, data de incepere, durata, localitatea de desfasurare<\/strong>.<\/p>\n\n\n\n<p>Cursurile se desf\u0103\u0219oar\u0103 \u00een format fizic \u00een localit\u0103\u021bile afi\u0219ate pe website pentru fiecare curs \u00een parte.<\/p>\n","protected":false},"excerpt":{"rendered":"<p>\u00censcrierea poate fi realizata prin achizi\u021bionarea cursurilor folosind website-ul nostru, sec\u021biunea CURSURI. \u00cen limita locurilor disponibile afi\u0219ate pe site, cursantul<\/p>\n","protected":false},"author":1,"featured_media":0,"parent":0,"menu_order":0,"comment_status":"closed","ping_status":"closed","template":"","meta":{"inline_featured_image":false,"footnotes":""},"class_list":["post-16226","page","type-page","status-publish","hentry"],"_links":{"self":[{"href":"https:\/\/neutronui.com\/andreea\/wp-json\/wp\/v2\/pages\/16226","targetHints":{"allow":["GET"]}}],"collection":[{"href":"https:\/\/neutronui.com\/andreea\/wp-json\/wp\/v2\/pages"}],"about":[{"href":"https:\/\/neutronui.com\/andreea\/wp-json\/wp\/v2\/types\/page"}],"author":[{"embeddable":true,"href":"https:\/\/neutronui.com\/andreea\/wp-json\/wp\/v2\/users\/1"}],"replies":[{"embeddable":true,"href":"https:\/\/neutronui.com\/andreea\/wp-json\/wp\/v2\/comments?post=16226"}],"version-history":[{"count":1,"href":"https:\/\/neutronui.com\/andreea\/wp-json\/wp\/v2\/pages\/16226\/revisions"}],"predecessor-version":[{"id":16227,"href":"https:\/\/neutronui.com\/andreea\/wp-json\/wp\/v2\/pages\/16226\/revisions\/16227"}],"wp:attachment":[{"href":"https:\/\/neutronui.com\/andreea\/wp-json\/wp\/v2\/media?parent=16226"}],"curies":[{"name":"wp","href":"https:\/\/api.w.org\/{rel}","templated":true}]}}